{"id":2544,"date":"2026-04-15T09:33:32","date_gmt":"2026-04-15T09:33:32","guid":{"rendered":"https:\/\/www.vonlanthen.net\/?page_id=2544"},"modified":"2026-04-15T09:45:33","modified_gmt":"2026-04-15T09:45:33","slug":"carriere-actuaire-lpp","status":"publish","type":"page","link":"https:\/\/www.vonlanthen.net\/index.php\/carriere-actuaire-lpp\/","title":{"rendered":"Carri\u00e8re &#8211; Actuaire LPP"},"content":{"rendered":"<div class=\"wpb-content-wrapper\"><p>[vc_row nt_revity_container_display=\u00a0\u00bbtrue\u00a0\u00bb full_width=\u00a0\u00bbstretch_row\u00a0\u00bb css_animation=\u00a0\u00bbnone\u00a0\u00bb css=\u00a0\u00bb.vc_custom_1744731936829{border-top-width: 20px !important;padding-top: 20px !important;background-color: #f2f2f2 !important;}\u00a0\u00bb nt_revity_vc_row_992_responsive=\u00a0\u00bb.vc_custom_1744731936830{border-top-width: 20px !important;border-left-width: 20px !important;padding-left: 10px !important;}\u00a0\u00bb][vc_column css_animation=\u00a0\u00bbnone\u00a0\u00bb css=\u00a0\u00bb.vc_custom_1743629302404{border-top-width: 20px !important;}\u00a0\u00bb]<section class=\"heading-section\"><div class=\"container\"><div class=\"heading-wrap\"><h2>Opportunit\u00e9 <span class=\"text-primary\">Actuaire LPP<\/span> <\/h2><hr class=\"divider\"><p><\/p><\/div><\/div><\/section>[vc_column_text css=\u00a0\u00bb.vc_custom_1776246325315{padding-right: 15px !important;padding-left: 15px !important;}\u00a0\u00bb el_class=\u00a0\u00bbalignleft pdd\u00a0\u00bb]Souhaitez-vous int\u00e9grer une \u00e9quipe dynamique qui cultive l\u2019esprit familial ?<\/p>\n<p>Notre soci\u00e9t\u00e9 ind\u00e9pendante a pour mission l\u2019expertise, le conseil et la gestion d\u2019institutions de pr\u00e9voyance professionnelle d\u2019entreprises suisses et internationales. Nous offrons des services personnalis\u00e9s et misons sur la qualit\u00e9. Afin de compl\u00e9ter notre \u00e9quipe engag\u00e9e, nous recherchons un\u00b7e<\/p>\n<h4 style=\"text-align: center;\"><strong>Actuaire en pr\u00e9voyance professionnelle (80%-100%)<\/strong><\/h4>\n<p>pour une entr\u00e9e en fonction au 1er septembre 2026 ou \u00e0 une date \u00e0 convenir.<\/p>\n<h5>Vos missions principales<\/h5>\n<ul class=\"arrow\">\n<li>L\u2019\u00e9tablissement d\u2019\u00e9valuations selon les normes comptables internationales (IAS 19)<\/li>\n<li>Le soutien des experts dans les diff\u00e9rentes activit\u00e9s de conseil et dans la r\u00e9alisation des rapports d\u2019expertise<\/li>\n<li>La participation \u00e0 des \u00e9tudes diverses<\/li>\n<li>Le traitement de cas de pr\u00e9voyance individuels<\/li>\n<\/ul>\n<h5><strong>Votre profil<\/strong><\/h5>\n<ul class=\"arrow\">\n<li>Formation universitaire en actuariat, statistique ou jug\u00e9e \u00e9quivalente et 3-5 ans d\u2019exp\u00e9rience professionnelle, id\u00e9alement dans le domaine de la pr\u00e9voyance professionnelle et en particulier les normes comptables internationales<\/li>\n<li>Capacit\u00e9 de travailler de mani\u00e8re autonome<\/li>\n<li>Sens de l&rsquo;initiative<\/li>\n<li>Ma\u00eetrise des outils informatiques<\/li>\n<\/ul>\n<h5><strong>Nous offrons<\/strong><\/h5>\n<ul class=\"arrow\">\n<li>Un poste vari\u00e9 dans une petite entreprise dynamique<\/li>\n<li>Un environnement de travail agr\u00e9able, \u00e0 15 minutes de Lausanne, avec place de parc gratuite<\/li>\n<li>Des horaires flexibles et possibilit\u00e9 de faire du t\u00e9l\u00e9travail<\/li>\n<li>Des prestations sociales et salariales attrayantes<\/li>\n<\/ul>\n<h5>Votre candidature<\/h5>\n<p>Nous serions heureux de recevoir votre dossier de candidature jusqu&rsquo;au <strong>31 mai 2026<\/strong> par e-mail \u00e0 <a href=\"mailto:asdurussel@vonlanthen.net\">asdurussel@vonlanthen.net<\/a> ou sous pli confidentiel \u00e0 Anne-Sophie Durussel, Vonlanthen Consulting SA, Z.I. de l\u2019Ecorcheboeuf 4, 1084 Carrouge VD.<\/p>\n<p>Les dossiers seront analys\u00e9s d\u00e8s cette date.<\/p>\n<p>Obtenez plus de renseignements par t\u00e9l\u00e9phone au num\u00e9ro 021 905 98 00 ou sur <a href=\"https:\/\/www.vonlanthen.net\">www.vonlanthen.net<\/a>.[\/vc_column_text][\/vc_column][\/vc_row]<\/p>\n<\/div>","protected":false},"excerpt":{"rendered":"<p>[vc_row nt_revity_container_display=\u00a0\u00bbtrue\u00a0\u00bb full_width=\u00a0\u00bbstretch_row\u00a0\u00bb css_animation=\u00a0\u00bbnone\u00a0\u00bb css=\u00a0\u00bb.vc_custom_1744731936829{border-top-width: 20px !important;padding-top: 20px !important;background-color: #f2f2f2 !important;}\u00a0\u00bb nt_revity_vc_row_992_responsive=\u00a0\u00bb.vc_custom_1744731936830{border-top-width: 20px !important;border-left-width: 20px !important;padding-left: 10px !important;}\u00a0\u00bb][vc_column css_animation=\u00a0\u00bbnone\u00a0\u00bb css=\u00a0\u00bb.vc_custom_1743629302404{border-top-width: 20px !important;}\u00a0\u00bb][vc_column_text css=\u00a0\u00bb.vc_custom_1776246325315{padding-right: 15px !important;padding-left: 15px !important;}\u00a0\u00bb el_class=\u00a0\u00bbalignleft pdd\u00a0\u00bb]Souhaitez-vous int\u00e9grer une \u00e9quipe dynamique qui cultive l\u2019esprit familial ? Notre soci\u00e9t\u00e9 ind\u00e9pendante a pour mission l\u2019expertise, le conseil et la gestion d\u2019institutions de pr\u00e9voyance professionnelle d\u2019entreprises [&hellip;]<\/p>\n","protected":false},"author":4,"featured_media":0,"parent":0,"menu_order":0,"comment_status":"closed","ping_status":"closed","template":"fullwidth-page.php","meta":{"footnotes":""},"class_list":["post-2544","page","type-page","status-publish","hentry"],"_links":{"self":[{"href":"https:\/\/www.vonlanthen.net\/index.php\/wp-json\/wp\/v2\/pages\/2544","targetHints":{"allow":["GET"]}}],"collection":[{"href":"https:\/\/www.vonlanthen.net\/index.php\/wp-json\/wp\/v2\/pages"}],"about":[{"href":"https:\/\/www.vonlanthen.net\/index.php\/wp-json\/wp\/v2\/types\/page"}],"author":[{"embeddable":true,"href":"https:\/\/www.vonlanthen.net\/index.php\/wp-json\/wp\/v2\/users\/4"}],"replies":[{"embeddable":true,"href":"https:\/\/www.vonlanthen.net\/index.php\/wp-json\/wp\/v2\/comments?post=2544"}],"version-history":[{"count":5,"href":"https:\/\/www.vonlanthen.net\/index.php\/wp-json\/wp\/v2\/pages\/2544\/revisions"}],"predecessor-version":[{"id":2549,"href":"https:\/\/www.vonlanthen.net\/index.php\/wp-json\/wp\/v2\/pages\/2544\/revisions\/2549"}],"wp:attachment":[{"href":"https:\/\/www.vonlanthen.net\/index.php\/wp-json\/wp\/v2\/media?parent=2544"}],"curies":[{"name":"wp","href":"https:\/\/api.w.org\/{rel}","templated":true}]}}