{"id":2341,"date":"2025-05-07T11:51:35","date_gmt":"2025-05-07T11:51:35","guid":{"rendered":"https:\/\/www.vonlanthen.net\/index.php\/rechtshinweise\/"},"modified":"2025-05-07T12:38:40","modified_gmt":"2025-05-07T12:38:40","slug":"legal-informations","status":"publish","type":"page","link":"https:\/\/www.vonlanthen.net\/index.php\/legal-informations\/?lang=de","title":{"rendered":"Rechtshinweise"},"content":{"rendered":"<div class=\"wpb-content-wrapper\"><p>[vc_row nt_revity_container_display=\u00a0\u00bbtrue\u00a0\u00bb full_width=\u00a0\u00bbstretch_row\u00a0\u00bb css_animation=\u00a0\u00bbnone\u00a0\u00bb css=\u00a0\u00bb.vc_custom_1744731936829{border-top-width: 20px !important;padding-top: 20px !important;background-color: #f2f2f2 !important;}\u00a0\u00bb nt_revity_vc_row_992_responsive=\u00a0\u00bb.vc_custom_1744731936830{border-top-width: 20px !important;border-left-width: 20px !important;padding-left: 10px !important;}\u00a0\u00bb][vc_column css_animation=\u00a0\u00bbnone\u00a0\u00bb css=\u00a0\u00bb.vc_custom_1743629302404{border-top-width: 20px !important;}\u00a0\u00bb]<section class=\"heading-section\"><div class=\"container\"><div class=\"heading-wrap\"><h2> <span class=\"text-primary\">Rechtshinweise<\/span> <\/h2><hr class=\"divider\"><p><\/p><\/div><\/div><\/section>[vc_column_text css=\u00a0\u00bb.vc_custom_1746621481927{padding-right: 15px !important;padding-left: 15px !important;}\u00a0\u00bb el_class=\u00a0\u00bbalignleft pdd\u00a0\u00bb]Das Webportal wird von der Firma Vonlanthen Consulting AG mit Sitz Z.I. de l\u2019Ecorcheboeuf 4, 1084 Carrouge VD betrieben.<\/p>\n<h5><strong>Haftungsausschluss<\/strong><\/h5>\n<p>Vonlanthen Consulting AG \u00fcbernimmt keinerlei Gew\u00e4hr hinsichtlich der inhaltlichen Richtigkeit, Genauigkeit, Aktualit\u00e4t, Zuverl\u00e4ssigkeit und Vollst\u00e4ndigkeit der Informationen.<\/p>\n<p>Haftungsanspr\u00fcche gegen Vonlanthen Consulting AG wegen Sch\u00e4den materieller oder immaterieller Art, welche aus dem Zugriff oder der Nutzung bzw. Nichtnutzung der ver\u00f6ffentlichten Informationen, durch Missbrauch der Verbindung oder durch technische St\u00f6rungen entstanden sind, werden ausgeschlossen. Vonlanthen Consulting AG beh\u00e4lt sich ausdr\u00fccklich das Recht vor, Seiten oder Teile davon ohne Vorank\u00fcndigung zu \u00e4ndern, zu erg\u00e4nzen, zu l\u00f6schen oder die Ver\u00f6ffentlichung zeitweise oder endg\u00fcltig einzustellen.<\/p>\n<h5><strong>Haftung f\u00fcr Internetlinks<\/strong><\/h5>\n<p>Verweise und Links auf Webseiten Dritter liegen ausserhalb des Verantwortungsbereichs von Vonlanthen Consulting AG. Es wird jegliche Verantwortung f\u00fcr solche Webseiten abgelehnt. Der Zugriff und die Nutzung solcher Webseiten erfolgen auf eigene Gefahr des Nutzers.<\/p>\n<h5><strong>Geistiges Eigentum<\/strong><\/h5>\n<p>Die Urheber- und alle anderen Rechte an Inhalten, Bildern, Fotos oder anderen Dateien auf der Website geh\u00f6ren ausschliesslich Vonlanthen Consulting AG. F\u00fcr die Reproduktion jeglicher Elemente ist die schriftliche Zustimmung von Vonlanthen Consulting AG im Voraus einzuholen.[\/vc_column_text][\/vc_column][\/vc_row]<\/p>\n<\/div>","protected":false},"excerpt":{"rendered":"<p>[vc_row nt_revity_container_display=\u00a0\u00bbtrue\u00a0\u00bb full_width=\u00a0\u00bbstretch_row\u00a0\u00bb css_animation=\u00a0\u00bbnone\u00a0\u00bb css=\u00a0\u00bb.vc_custom_1744731936829{border-top-width: 20px !important;padding-top: 20px !important;background-color: #f2f2f2 !important;}\u00a0\u00bb nt_revity_vc_row_992_responsive=\u00a0\u00bb.vc_custom_1744731936830{border-top-width: 20px !important;border-left-width: 20px !important;padding-left: 10px !important;}\u00a0\u00bb][vc_column css_animation=\u00a0\u00bbnone\u00a0\u00bb css=\u00a0\u00bb.vc_custom_1743629302404{border-top-width: 20px !important;}\u00a0\u00bb][vc_column_text css=\u00a0\u00bb.vc_custom_1746621481927{padding-right: 15px !important;padding-left: 15px !important;}\u00a0\u00bb el_class=\u00a0\u00bbalignleft pdd\u00a0\u00bb]Das Webportal wird von der Firma Vonlanthen Consulting AG mit Sitz Z.I. de l\u2019Ecorcheboeuf 4, 1084 Carrouge VD betrieben. Haftungsausschluss Vonlanthen Consulting AG \u00fcbernimmt keinerlei Gew\u00e4hr hinsichtlich [&hellip;]<\/p>\n","protected":false},"author":4,"featured_media":0,"parent":0,"menu_order":0,"comment_status":"closed","ping_status":"closed","template":"fullwidth-page.php","meta":{"footnotes":""},"class_list":["post-2341","page","type-page","status-publish","hentry"],"_links":{"self":[{"href":"https:\/\/www.vonlanthen.net\/index.php\/wp-json\/wp\/v2\/pages\/2341","targetHints":{"allow":["GET"]}}],"collection":[{"href":"https:\/\/www.vonlanthen.net\/index.php\/wp-json\/wp\/v2\/pages"}],"about":[{"href":"https:\/\/www.vonlanthen.net\/index.php\/wp-json\/wp\/v2\/types\/page"}],"author":[{"embeddable":true,"href":"https:\/\/www.vonlanthen.net\/index.php\/wp-json\/wp\/v2\/users\/4"}],"replies":[{"embeddable":true,"href":"https:\/\/www.vonlanthen.net\/index.php\/wp-json\/wp\/v2\/comments?post=2341"}],"version-history":[{"count":10,"href":"https:\/\/www.vonlanthen.net\/index.php\/wp-json\/wp\/v2\/pages\/2341\/revisions"}],"predecessor-version":[{"id":2367,"href":"https:\/\/www.vonlanthen.net\/index.php\/wp-json\/wp\/v2\/pages\/2341\/revisions\/2367"}],"wp:attachment":[{"href":"https:\/\/www.vonlanthen.net\/index.php\/wp-json\/wp\/v2\/media?parent=2341"}],"curies":[{"name":"wp","href":"https:\/\/api.w.org\/{rel}","templated":true}]}}