{"id":2336,"date":"2025-05-07T11:47:46","date_gmt":"2025-05-07T11:47:46","guid":{"rendered":"https:\/\/www.vonlanthen.net\/?page_id=2336"},"modified":"2025-05-07T12:04:41","modified_gmt":"2025-05-07T12:04:41","slug":"legal-informations","status":"publish","type":"page","link":"https:\/\/www.vonlanthen.net\/index.php\/legal-informations\/","title":{"rendered":"Mentions l\u00e9gales"},"content":{"rendered":"<div class=\"wpb-content-wrapper\"><p>[vc_row nt_revity_container_display=\u00a0\u00bbtrue\u00a0\u00bb full_width=\u00a0\u00bbstretch_row\u00a0\u00bb css_animation=\u00a0\u00bbnone\u00a0\u00bb css=\u00a0\u00bb.vc_custom_1744731936829{border-top-width: 20px !important;padding-top: 20px !important;background-color: #f2f2f2 !important;}\u00a0\u00bb nt_revity_vc_row_992_responsive=\u00a0\u00bb.vc_custom_1744731936830{border-top-width: 20px !important;border-left-width: 20px !important;padding-left: 10px !important;}\u00a0\u00bb][vc_column css_animation=\u00a0\u00bbnone\u00a0\u00bb css=\u00a0\u00bb.vc_custom_1743629302404{border-top-width: 20px !important;}\u00a0\u00bb]<section class=\"heading-section\"><div class=\"container\"><div class=\"heading-wrap\"><h2>Mentions <span class=\"text-primary\">l\u00e9gales<\/span> <\/h2><hr class=\"divider\"><p><\/p><\/div><\/div><\/section>[vc_column_text css=\u00a0\u00bb.vc_custom_1746618976909{padding-right: 15px !important;padding-left: 15px !important;}\u00a0\u00bb el_class=\u00a0\u00bbalignleft pdd\u00a0\u00bb]Le portail web est exploit\u00e9 par la soci\u00e9t\u00e9 Vonlanthen Consulting SA, dont le si\u00e8ge est situ\u00e9 \u00e0 la Z.I. de l\u2019Ecorcheboeuf 4, 1084 Carrouge VD.<\/p>\n<h5><strong>Exclusion de responsabilit\u00e9<\/strong><\/h5>\n<p>Vonlanthen Consulting SA n&rsquo;assume aucune responsabilit\u00e9 quant \u00e0 l&rsquo;exactitude, la pr\u00e9cision, l&rsquo;actualit\u00e9, la fiabilit\u00e9 et l&rsquo;exhaustivit\u00e9 du contenu des informations.<\/p>\n<p>Vonlanthen Consulting SA ne saurait \u00eatre tenue pour responsable des dommages mat\u00e9riels ou immat\u00e9riels qui pourraient \u00eatre caus\u00e9s par l&rsquo;acc\u00e8s aux informations diffus\u00e9es ou par leur utilisation ou non-utilisation, par le mauvais usage de la connexion ou par des probl\u00e8mes techniques. Vonlanthen Consulting SA se r\u00e9serve express\u00e9ment le droit de modifier, de compl\u00e9ter ou de supprimer des pages ou des parties de page sans avis pr\u00e9alable, ou d&rsquo;en suspendre temporairement ou d\u00e9finitivement la publication.<\/p>\n<h5><strong>Liens internet<\/strong><\/h5>\n<p>Les renvois et liens vers des sites web de tiers ne rel\u00e8vent pas de la responsabilit\u00e9 de Vonlanthen Consulting SA. Cette derni\u00e8re d\u00e9cline toute responsabilit\u00e9 pour de tels sites.<\/p>\n<p>L&rsquo;acc\u00e8s \u00e0 de tels sites et leur utilisation se font aux risques et p\u00e9rils de l&rsquo;utilisateur.<\/p>\n<h5><strong>Propri\u00e9t\u00e9 intellectuelle<\/strong><\/h5>\n<p>Les droits d&rsquo;auteur et tous les autres droits li\u00e9s aux contenus, images, photos ou autres fichiers pr\u00e9sents sur le site web appartiennent exclusivement \u00e0 Vonlanthen Consulting SA. Pour la reproduction de tout \u00e9l\u00e9ment, l&rsquo;accord \u00e9crit de Vonlanthen Consulting SA doit \u00eatre obtenu au pr\u00e9alable.[\/vc_column_text][\/vc_column][\/vc_row]<\/p>\n<\/div>","protected":false},"excerpt":{"rendered":"<p>[vc_row nt_revity_container_display=\u00a0\u00bbtrue\u00a0\u00bb full_width=\u00a0\u00bbstretch_row\u00a0\u00bb css_animation=\u00a0\u00bbnone\u00a0\u00bb css=\u00a0\u00bb.vc_custom_1744731936829{border-top-width: 20px !important;padding-top: 20px !important;background-color: #f2f2f2 !important;}\u00a0\u00bb nt_revity_vc_row_992_responsive=\u00a0\u00bb.vc_custom_1744731936830{border-top-width: 20px !important;border-left-width: 20px !important;padding-left: 10px !important;}\u00a0\u00bb][vc_column css_animation=\u00a0\u00bbnone\u00a0\u00bb css=\u00a0\u00bb.vc_custom_1743629302404{border-top-width: 20px !important;}\u00a0\u00bb][vc_column_text css=\u00a0\u00bb.vc_custom_1746618976909{padding-right: 15px !important;padding-left: 15px !important;}\u00a0\u00bb el_class=\u00a0\u00bbalignleft pdd\u00a0\u00bb]Le portail web est exploit\u00e9 par la soci\u00e9t\u00e9 Vonlanthen Consulting SA, dont le si\u00e8ge est situ\u00e9 \u00e0 la Z.I. de l\u2019Ecorcheboeuf 4, 1084 Carrouge VD. Exclusion de [&hellip;]<\/p>\n","protected":false},"author":4,"featured_media":0,"parent":0,"menu_order":0,"comment_status":"closed","ping_status":"closed","template":"fullwidth-page.php","meta":{"footnotes":""},"class_list":["post-2336","page","type-page","status-publish","hentry"],"_links":{"self":[{"href":"https:\/\/www.vonlanthen.net\/index.php\/wp-json\/wp\/v2\/pages\/2336","targetHints":{"allow":["GET"]}}],"collection":[{"href":"https:\/\/www.vonlanthen.net\/index.php\/wp-json\/wp\/v2\/pages"}],"about":[{"href":"https:\/\/www.vonlanthen.net\/index.php\/wp-json\/wp\/v2\/types\/page"}],"author":[{"embeddable":true,"href":"https:\/\/www.vonlanthen.net\/index.php\/wp-json\/wp\/v2\/users\/4"}],"replies":[{"embeddable":true,"href":"https:\/\/www.vonlanthen.net\/index.php\/wp-json\/wp\/v2\/comments?post=2336"}],"version-history":[{"count":3,"href":"https:\/\/www.vonlanthen.net\/index.php\/wp-json\/wp\/v2\/pages\/2336\/revisions"}],"predecessor-version":[{"id":2354,"href":"https:\/\/www.vonlanthen.net\/index.php\/wp-json\/wp\/v2\/pages\/2336\/revisions\/2354"}],"wp:attachment":[{"href":"https:\/\/www.vonlanthen.net\/index.php\/wp-json\/wp\/v2\/media?parent=2336"}],"curies":[{"name":"wp","href":"https:\/\/api.w.org\/{rel}","templated":true}]}}