{"id":2233,"date":"2025-04-02T13:09:01","date_gmt":"2025-04-02T13:09:01","guid":{"rendered":"https:\/\/www.vonlanthen.net\/?page_id=2233"},"modified":"2025-05-01T11:04:19","modified_gmt":"2025-05-01T11:04:19","slug":"data-protection","status":"publish","type":"page","link":"https:\/\/www.vonlanthen.net\/index.php\/data-protection\/","title":{"rendered":"Protection des donn\u00e9es"},"content":{"rendered":"<div class=\"wpb-content-wrapper\"><p>[vc_row nt_revity_container_display=\u00a0\u00bbtrue\u00a0\u00bb full_width=\u00a0\u00bbstretch_row\u00a0\u00bb css_animation=\u00a0\u00bbnone\u00a0\u00bb css=\u00a0\u00bb.vc_custom_1744731936829{border-top-width: 20px !important;padding-top: 20px !important;background-color: #f2f2f2 !important;}\u00a0\u00bb nt_revity_vc_row_992_responsive=\u00a0\u00bb.vc_custom_1744731936830{border-top-width: 20px !important;border-left-width: 20px !important;padding-left: 10px !important;}\u00a0\u00bb][vc_column css_animation=\u00a0\u00bbnone\u00a0\u00bb css=\u00a0\u00bb.vc_custom_1743629302404{border-top-width: 20px !important;}\u00a0\u00bb]<section class=\"heading-section\"><div class=\"container\"><div class=\"heading-wrap\"><h2>D\u00e9claration de <span class=\"text-primary\">protection des donn\u00e9es<\/span> <\/h2><hr class=\"divider\"><p><\/p><\/div><\/div><\/section>[vc_column_text el_class=\u00a0\u00bbalignleft pdd\u00a0\u00bb css=\u00a0\u00bb.vc_custom_1746013649830{padding-right: 15px !important;padding-left: 15px !important;}\u00a0\u00bb]<\/p>\n<h5><strong>1.\u00a0 De quoi est-il question dans cette d\u00e9claration de protection des donn\u00e9es ?<\/strong><\/h5>\n<p>Vonlanthen Consulting SA est une soci\u00e9t\u00e9 priv\u00e9e qui propose les services suivants :<\/p>\n<ul class=\"arrow\">\n<li>gestion de caisses de pension,<\/li>\n<li>expertise au sens de la LPP et service actuariel,<\/li>\n<li>actuaire responsable,<\/li>\n<li>conseil juridique, et,<\/li>\n<li>conseil en protection des donn\u00e9es.<\/li>\n<\/ul>\n<p>Nous accordons une grande importance \u00e0 la transparence dans le traitement des donn\u00e9es personnelles. La pr\u00e9sente d\u00e9claration de protection des donn\u00e9es indique entre autres quelles donn\u00e9es personnelles nous collectons, dans quel but et \u00e0 qui nous les transmettons. Nous v\u00e9rifions et renouvelons r\u00e9guli\u00e8rement cette d\u00e9claration de protection des donn\u00e9es afin de pouvoir garantir une transparence maximale.<\/p>\n<p>Les dispositions de la pr\u00e9sente d\u00e9claration de protection des donn\u00e9es sont r\u00e9put\u00e9es accept\u00e9es par le visiteur lors de son acc\u00e8s au site internet de Vonlanthen Consulting SA et s\u2019appliquent automatiquement. Si vous les refusez, vous devez imm\u00e9diatement quitter ledit site internet.<\/p>\n<h5><strong>2. Qui est le responsable du traitement des donn\u00e9es ?<\/strong><\/h5>\n<p>Les caisses de pension pour lesquelles Vonlanthen Consulting SA est charg\u00e9e de la gestion ont le statut de responsable du traitement. Vonlanthen Consulting SA agit dans ce cadre comme sous-traitant au sens de la l\u00e9gislation en mati\u00e8re de protection des donn\u00e9es et est soumise de ce fait aux m\u00eames obligations l\u00e9gales que ces derni\u00e8res.<\/p>\n<p>Pour toutes ses autres activit\u00e9s, Vonlanthen Consulting SA est responsable du traitement des donn\u00e9es personnelles conform\u00e9ment \u00e0 la l\u00e9gislation en mati\u00e8re de protection des donn\u00e9es.<\/p>\n<p>Pour toute question en lien avec la pr\u00e9sente d\u00e9claration de protection des donn\u00e9es ou le traitement des donn\u00e9es personnelles, vous pouvez prendre contact avec nous par<\/p>\n<div class=\"contact-info\">\n<div class=\"line\"><span class=\"first\">Courriel :<\/span><br \/>\n<a href=\"mailto:dataprotection@vonlanthen.net\"><span class=\"value\">dataprotection@vonlanthen.net<\/span><\/a><\/div>\n<div class=\"line\"><span class=\"first\">T\u00e9l\u00e9phone :<\/span><br \/>\n<span class=\"value\">+41 21 905 98 00<\/span><\/div>\n<div class=\"line\"><span class=\"first\">Adresse postale :<\/span><br \/>\n<span class=\"value\">Vonlanthen Consulting SA, Z.I. de l\u2019\u00c9corcheboeuf 4, 1084 Carrouge VD<\/span><\/div>\n<\/div>\n<h5><strong>3. Quelles sont les donn\u00e9es que nous traitons ?<\/strong><\/h5>\n<p>Les donn\u00e9es personnelles sont constitu\u00e9es par des donn\u00e9es que l\u2019on peut associer \u00e0 une personne d\u00e9termin\u00e9e. Pour mener \u00e0 bien nos activit\u00e9s, les donn\u00e9es peuvent concerner les personnes assur\u00e9es, les b\u00e9n\u00e9ficiaires de rentes, des tiers (membres de la famille par exemple) ou les visiteurs de notre site web.<\/p>\n<p>Les donn\u00e9es personnelles que nous traitons sont par exemple :<\/p>\n<ul class=\"arrow\">\n<li>donn\u00e9es d\u2019identification : nom, pr\u00e9nom, date de naissance, date de d\u00e9c\u00e8s, \u00e9tat civil, concubinage, famille, langue, nationalit\u00e9, lieu d\u2019origine, profession, sexe, num\u00e9ro AVS, employeur ;<\/li>\n<li>donn\u00e9es financi\u00e8res : fortune, capital, salaire, identit\u00e9 de l\u2019employeur, inscription au registre foncier, mesures d\u2019aides sociales, poursuites, revenu, situation financi\u00e8re, obligation d\u2019entretien, recours contre tiers responsable, prestations d\u2019assurance ;<\/li>\n<li>coordonn\u00e9es : adresse postale, adresse \u00e9lectronique, adresse IP, num\u00e9ro de t\u00e9l\u00e9phone, coordonn\u00e9es bancaires, lieu de travail.<\/li>\n<\/ul>\n<p>En cas de besoin pour la mise en \u0153uvre de la pr\u00e9voyance professionnelle, nous traitons des donn\u00e9es personnelles concernant la sant\u00e9, la sph\u00e8re intime, d\u2019\u00e9ventuelles poursuites et de mesures d\u2019aide sociale qui constituent des donn\u00e9es sensibles au sens de la loi sur la protection des donn\u00e9es.<\/p>\n<p>Les donn\u00e9es personnelles sont en premier lieu fournies par la personne concern\u00e9e. Cependant, des donn\u00e9es personnelles peuvent \u00e9galement provenir de tiers, tels que par exemple de nos prestataires de service externes, de l\u2019employeur, de caisses de pension, d\u2019autorit\u00e9s ou de tribunaux. Lorsque nous recevons des donn\u00e9es personnelles sur des tiers, nous partons du principe que la personne qui nous les a transmises dispose de l\u2019autorisation pour ce faire et que ces donn\u00e9es sont correctes.<\/p>\n<h5><strong>4. A quelles fins traitons-nous les donn\u00e9es ?<\/strong><\/h5>\n<p>Seules sont trait\u00e9es les donn\u00e9es personnelles des personnes concern\u00e9es qui sont n\u00e9cessaires \u00e0 l\u2019activit\u00e9 op\u00e9rationnelle et aux \u00e9changes commerciaux en lien avec les prestations de service fournies aux caisses de pension.<\/p>\n<p>Des donn\u00e9es personnelles sont collect\u00e9es et trait\u00e9es dans la mesure strictement n\u00e9cessaire \u00e0 l\u2019activit\u00e9 op\u00e9rationnelle de Vonlanthen Consulting SA et des prestations de service qu\u2019elle fournit \u00e0 ses clients.<\/p>\n<h5><strong>5. Comment sont trait\u00e9es les candidatures ?<\/strong><\/h5>\n<p>Vonlanthen Consulting SA recueille et traite des donn\u00e9es personnelles des candidats aux fins de d\u00e9roulement de la proc\u00e9dure de candidature \u00e0 un emploi.<\/p>\n<p>Si vous postulez \u00e0 une offre d\u2019emploi que nous avons publi\u00e9e, la pr\u00e9sente d\u00e9claration de protection des donn\u00e9es est applicable.<\/p>\n<p>En cas de postulation \u00e0 un poste vacant par l\u2019interm\u00e9diaire d\u2019un prestataire de service externe, ce dernier traite des donn\u00e9es personnelles vous concernant selon sa propre politique en mati\u00e8re de protection des donn\u00e9es.<\/p>\n<p>Les pi\u00e8ces du dossier de candidature sont en principe effac\u00e9es douze mois apr\u00e8s la communication de la d\u00e9cision de refus, sans notification au candidat.<\/p>\n<h5><strong>6. Avec qui partageons-nous les donn\u00e9es ?<\/strong><\/h5>\n<p>Les donn\u00e9es personnelles ne sont pas transmises \u00e0 des tiers, \u00e0 moins que cela soit n\u00e9cessaire aux fins de l\u2019ex\u00e9cution de nos obligations l\u00e9gales ou contractuelles ou en cas de consentement expr\u00e8s.<\/p>\n<p>Les donn\u00e9es personnelles peuvent ainsi \u00eatre notamment transmises aux cat\u00e9gories de destinataires suivantes : associations professionnelles et syndicats, assurances, autorit\u00e9s, avocats, banques, b\u00e9n\u00e9ficiaires, caisses de compensation, courtiers, employeur, expert en caisse de pension, Fondation institution suppl\u00e9tive LPP, Fonds de Garantie LPP, caisses de pension, m\u00e9decins, membres de la famille, Offices AI, Organe de r\u00e9vision, r\u00e9assureurs, r\u00e9gies immobili\u00e8res, repr\u00e9sentants l\u00e9gaux, tribunaux, notaires, h\u00e9ritiers, conseillers immobiliers.<\/p>\n<p>En concluant des contrats sp\u00e9cifiques, nous pouvons \u00e9galement transmettre des donn\u00e9es \u00e0 des prestataires externes. Il s\u2019agit alors de sous-traitants qui sont tenus de traiter les donn\u00e9es personnelles exclusivement conform\u00e9ment \u00e0 nos instructions et en prenant les mesures appropri\u00e9es pour garantir la s\u00e9curit\u00e9 des donn\u00e9es. Par la conclusion de tels accords, nous assurons que la protection des donn\u00e9es personnelles est garantie durant toute la dur\u00e9e du traitement.<\/p>\n<h5><strong>7. Les donn\u00e9es personnelles sont-elles communiqu\u00e9es \u00e0 l\u2019\u00e9tranger ?<\/strong><\/h5>\n<p>Les donn\u00e9es personnelles ne sont pas communiqu\u00e9es \u00e0 l&rsquo;\u00e9tranger.<\/p>\n<h5><strong>8. Combien de temps traitons-nous les donn\u00e9es ?<\/strong><\/h5>\n<p>Nous traitons les donn\u00e9es aussi longtemps que les finalit\u00e9s de traitement, les dur\u00e9es de conservation l\u00e9gales et nos int\u00e9r\u00eats l\u00e9gitimes en mati\u00e8re de documentation et de pr\u00e9servation des preuves l\u2019exigent ou que la conservation est une exigence technique.<\/p>\n<h5><strong>9. Cookies et autres technologies de suivi et d\u2019analyse<\/strong><\/h5>\n<p>Les cookies sont des fichiers texte qui sont envoy\u00e9s \u00e0 votre ordinateur ou votre appareil mobile lorsque vous consultez notre site internet\/intranet ou acc\u00e9dez au portail web.<\/p>\n<p>Nous pouvons utiliser de tels cookies afin de reconna\u00eetre l\u2019utilisateur, de garantir et d\u2019optimiser la fonctionnalit\u00e9 du site. Dans ce contexte, nous pouvons faire appel \u00e0 des services d\u2019analyse web, lesquels comptent de nombre de visiteurs et nous renseignent sur leur comportement global.<\/p>\n<p>Pour ce faire, nous sollicitons votre autorisation expresse lors de votre premi\u00e8re visite sur le site.<\/p>\n<p>Si vous ne souhaitez pas recevoir de cookies, vous pouvez modifier les param\u00e8tres de votre navigateur de sorte \u00e0 ce qu\u2019il vous informe de l\u2019utilisation de cookies ou vous pouvez les refuser totalement.<\/p>\n<h5><strong>10. Comment prot\u00e9geons-nous les donn\u00e9es ?<\/strong><\/h5>\n<p>Nous prenons les mesures techniques et organisationnelles appropri\u00e9es afin de prot\u00e9ger efficacement les donn\u00e9es contre tout acc\u00e8s non autoris\u00e9 ou illicite, et de minimiser le risque de perte, de destruction ou de d\u00e9t\u00e9rioration accidentelle. En particulier, n\u2019ont acc\u00e8s aux donn\u00e9es personnelles que les personnes qui ont besoin de les conna\u00eetre dans le cadre de leur activit\u00e9 professionnelle pour Vonlanthen Consulting SA.<\/p>\n<h5><strong>11. Quels sont les droits des personnes concern\u00e9es ?<\/strong><\/h5>\n<p>Les personnes concern\u00e9es disposent des droits suivants en lien avec leurs donn\u00e9es personnelles :<\/p>\n<ul class=\"arrow\">\n<li>acc\u00e9der \u00e0 leurs donn\u00e9es personnelles que nous traitons ;<\/li>\n<li>exiger la suppression de leurs donn\u00e9es personnelles qui ne sont plus n\u00e9cessaires \u00e0 la finalit\u00e9 du traitement ;<\/li>\n<li>exiger l\u2019interdiction d\u2019un traitement d\u00e9termin\u00e9 ou la communication de donn\u00e9es personnelles \u00e0 des tiers ;<\/li>\n<li>faire rectifier les donn\u00e9es personnelles inexactes ou incompl\u00e8tes ;<\/li>\n<li>recevoir les donn\u00e9es personnelles dans un format \u00e9lectronique couramment utilis\u00e9 ;<\/li>\n<li>retirer le consentement, dans la mesure o\u00f9 le traitement repose sur un consentement.<\/li>\n<\/ul>\n<p>A noter que l\u2019exercice de ces droits n\u2019est pas illimit\u00e9 et qu\u2019il peut \u00eatre soumis \u00e0 des conditions, exceptions et restrictions dans certaines circonstances conform\u00e9ment \u00e0 la l\u00e9gislation applicable en mati\u00e8re de protection des donn\u00e9es (par exemple sauvegarder des int\u00e9r\u00eats dignes de protection ou pour respecter des obligations l\u00e9gales).<\/p>\n<p>En cas de doute sur la lic\u00e9it\u00e9 d\u2019un traitement, il est possible de s\u2019adresser au Pr\u00e9pos\u00e9 f\u00e9d\u00e9ral \u00e0 la protection des donn\u00e9es et \u00e0 la transparence.<\/p>\n<h5><strong>12. Entr\u00e9e en vigueur et dispositions finales<\/strong><\/h5>\n<p>La pr\u00e9sente d\u00e9claration entre en vigueur le 01.09.2023.<\/p>\n<p>Vonlanthen Consulting SA peut en modifier en tout temps les dispositions.<\/p>\n<p>Tout litige relatif au traitement de donn\u00e9es personnelles par Vonlanthen Consulting SA est exclusivement soumis au droit suisse.<\/p>\n<p>Le for exclusif est fix\u00e9 \u00e0 Carrouge VD.[\/vc_column_text][\/vc_column][\/vc_row]<\/p>\n<\/div>","protected":false},"excerpt":{"rendered":"<p>[vc_row nt_revity_container_display=\u00a0\u00bbtrue\u00a0\u00bb full_width=\u00a0\u00bbstretch_row\u00a0\u00bb css_animation=\u00a0\u00bbnone\u00a0\u00bb css=\u00a0\u00bb.vc_custom_1744731936829{border-top-width: 20px !important;padding-top: 20px !important;background-color: #f2f2f2 !important;}\u00a0\u00bb nt_revity_vc_row_992_responsive=\u00a0\u00bb.vc_custom_1744731936830{border-top-width: 20px !important;border-left-width: 20px !important;padding-left: 10px !important;}\u00a0\u00bb][vc_column css_animation=\u00a0\u00bbnone\u00a0\u00bb css=\u00a0\u00bb.vc_custom_1743629302404{border-top-width: 20px !important;}\u00a0\u00bb][vc_column_text el_class=\u00a0\u00bbalignleft pdd\u00a0\u00bb css=\u00a0\u00bb.vc_custom_1746013649830{padding-right: 15px !important;padding-left: 15px !important;}\u00a0\u00bb] 1.\u00a0 De quoi est-il question dans cette d\u00e9claration de protection des donn\u00e9es ? Vonlanthen Consulting SA est une soci\u00e9t\u00e9 priv\u00e9e qui propose les services suivants : [&hellip;]<\/p>\n","protected":false},"author":4,"featured_media":0,"parent":0,"menu_order":0,"comment_status":"closed","ping_status":"closed","template":"fullwidth-page.php","meta":{"footnotes":""},"class_list":["post-2233","page","type-page","status-publish","hentry"],"_links":{"self":[{"href":"https:\/\/www.vonlanthen.net\/index.php\/wp-json\/wp\/v2\/pages\/2233","targetHints":{"allow":["GET"]}}],"collection":[{"href":"https:\/\/www.vonlanthen.net\/index.php\/wp-json\/wp\/v2\/pages"}],"about":[{"href":"https:\/\/www.vonlanthen.net\/index.php\/wp-json\/wp\/v2\/types\/page"}],"author":[{"embeddable":true,"href":"https:\/\/www.vonlanthen.net\/index.php\/wp-json\/wp\/v2\/users\/4"}],"replies":[{"embeddable":true,"href":"https:\/\/www.vonlanthen.net\/index.php\/wp-json\/wp\/v2\/comments?post=2233"}],"version-history":[{"count":52,"href":"https:\/\/www.vonlanthen.net\/index.php\/wp-json\/wp\/v2\/pages\/2233\/revisions"}],"predecessor-version":[{"id":2333,"href":"https:\/\/www.vonlanthen.net\/index.php\/wp-json\/wp\/v2\/pages\/2233\/revisions\/2333"}],"wp:attachment":[{"href":"https:\/\/www.vonlanthen.net\/index.php\/wp-json\/wp\/v2\/media?parent=2233"}],"curies":[{"name":"wp","href":"https:\/\/api.w.org\/{rel}","templated":true}]}}